{"id":6785,"date":"2025-11-07T11:45:11","date_gmt":"2025-11-07T10:45:11","guid":{"rendered":"https:\/\/duchessamargherita.it\/galerie\/"},"modified":"2025-11-07T17:58:01","modified_gmt":"2025-11-07T16:58:01","slug":"galerie","status":"publish","type":"page","link":"https:\/\/duchessamargherita.it\/fr\/demeure-historique\/galerie\/","title":{"rendered":"Galerie"},"content":{"rendered":"\n<figure class=\"wp-block-gallery alignfull has-nested-images columns-4 is-cropped wp-block-gallery-1\">\n<figure class=\"wp-block-image size-portrait_md\"><a href=\"https:\/\/duchessamargherita.it\/files\/2025\/11\/tavolo-colazione.jpg\"><img loading=\"lazy\" decoding=\"async\" width=\"574\" height=\"765\" data-id=\"6679\" src=\"https:\/\/duchessamargherita.it\/files\/2025\/11\/tavolo-colazione-574x765.jpg\" alt=\"\" class=\"wp-image-6679\" srcset=\"https:\/\/duchessamargherita.it\/files\/2025\/11\/tavolo-colazione-574x765.jpg 574w, https:\/\/duchessamargherita.it\/files\/2025\/11\/tavolo-colazione-900x1200.jpg 900w, https:\/\/duchessamargherita.it\/files\/2025\/11\/tavolo-colazione-350x466.jpg 350w\" sizes=\"auto, (max-width: 574px) 100vw, 574px\" \/><\/a><\/figure>\n\n\n\n<figure class=\"wp-block-image size-portrait_md\"><a href=\"https:\/\/duchessamargherita.it\/files\/2025\/11\/camera-luminosa.jpg\"><img loading=\"lazy\" decoding=\"async\" width=\"574\" height=\"765\" data-id=\"6659\" src=\"https:\/\/duchessamargherita.it\/files\/2025\/11\/camera-luminosa-574x765.jpg\" alt=\"\" class=\"wp-image-6659\" srcset=\"https:\/\/duchessamargherita.it\/files\/2025\/11\/camera-luminosa-574x765.jpg 574w, https:\/\/duchessamargherita.it\/files\/2025\/11\/camera-luminosa-900x1200.jpg 900w, https:\/\/duchessamargherita.it\/files\/2025\/11\/camera-luminosa-350x466.jpg 350w\" sizes=\"auto, (max-width: 574px) 100vw, 574px\" \/><\/a><\/figure>\n\n\n\n<figure class=\"wp-block-image size-portrait_md\"><a href=\"https:\/\/duchessamargherita.it\/files\/2025\/11\/camera-panoramica.jpg\"><img loading=\"lazy\" decoding=\"async\" width=\"574\" height=\"765\" data-id=\"6657\" src=\"https:\/\/duchessamargherita.it\/files\/2025\/11\/camera-panoramica-574x765.jpg\" alt=\"\" class=\"wp-image-6657\" srcset=\"https:\/\/duchessamargherita.it\/files\/2025\/11\/camera-panoramica-574x765.jpg 574w, https:\/\/duchessamargherita.it\/files\/2025\/11\/camera-panoramica-900x1200.jpg 900w, https:\/\/duchessamargherita.it\/files\/2025\/11\/camera-panoramica-350x466.jpg 350w\" sizes=\"auto, (max-width: 574px) 100vw, 574px\" \/><\/a><\/figure>\n\n\n\n<figure class=\"wp-block-image size-portrait_md\"><a href=\"https:\/\/duchessamargherita.it\/files\/2025\/11\/duchessa_margherita_Camera-Deluxe.jpg\"><img loading=\"lazy\" decoding=\"async\" width=\"574\" height=\"765\" data-id=\"6655\" src=\"https:\/\/duchessamargherita.it\/files\/2025\/11\/duchessa_margherita_Camera-Deluxe-574x765.jpg\" alt=\"\" class=\"wp-image-6655\" srcset=\"https:\/\/duchessamargherita.it\/files\/2025\/11\/duchessa_margherita_Camera-Deluxe-574x765.jpg 574w, https:\/\/duchessamargherita.it\/files\/2025\/11\/duchessa_margherita_Camera-Deluxe-350x466.jpg 350w\" sizes=\"auto, (max-width: 574px) 100vw, 574px\" \/><\/a><\/figure>\n\n\n\n<figure class=\"wp-block-image size-portrait_md\"><a href=\"https:\/\/duchessamargherita.it\/files\/2025\/11\/camera-molto-spaziosa.jpg\"><img loading=\"lazy\" decoding=\"async\" width=\"574\" height=\"765\" data-id=\"6663\" src=\"https:\/\/duchessamargherita.it\/files\/2025\/11\/camera-molto-spaziosa-574x765.jpg\" alt=\"\" class=\"wp-image-6663\" srcset=\"https:\/\/duchessamargherita.it\/files\/2025\/11\/camera-molto-spaziosa-574x765.jpg 574w, https:\/\/duchessamargherita.it\/files\/2025\/11\/camera-molto-spaziosa-900x1200.jpg 900w, https:\/\/duchessamargherita.it\/files\/2025\/11\/camera-molto-spaziosa-350x466.jpg 350w\" sizes=\"auto, (max-width: 574px) 100vw, 574px\" \/><\/a><\/figure>\n\n\n\n<figure class=\"wp-block-image size-portrait_md\"><a href=\"https:\/\/duchessamargherita.it\/files\/2025\/10\/LDF8583-33bngk8cq85rse44ifln9m1-1.jpg\"><img loading=\"lazy\" decoding=\"async\" width=\"574\" height=\"765\" data-id=\"6355\" src=\"https:\/\/duchessamargherita.it\/files\/2025\/10\/LDF8583-33bngk8cq85rse44ifln9m1-1-574x765.jpg\" alt=\"\" class=\"wp-image-6355\" srcset=\"https:\/\/duchessamargherita.it\/files\/2025\/10\/LDF8583-33bngk8cq85rse44ifln9m1-1-574x765.jpg 574w, https:\/\/duchessamargherita.it\/files\/2025\/10\/LDF8583-33bngk8cq85rse44ifln9m1-1-900x1200.jpg 900w, https:\/\/duchessamargherita.it\/files\/2025\/10\/LDF8583-33bngk8cq85rse44ifln9m1-1-350x466.jpg 350w\" sizes=\"auto, (max-width: 574px) 100vw, 574px\" \/><\/a><\/figure>\n\n\n\n<figure class=\"wp-block-image size-portrait_md\"><a href=\"https:\/\/duchessamargherita.it\/files\/2025\/11\/dettaglio-orologio.jpg\"><img loading=\"lazy\" decoding=\"async\" width=\"574\" height=\"765\" data-id=\"6665\" src=\"https:\/\/duchessamargherita.it\/files\/2025\/11\/dettaglio-orologio-574x765.jpg\" alt=\"\" class=\"wp-image-6665\" srcset=\"https:\/\/duchessamargherita.it\/files\/2025\/11\/dettaglio-orologio-574x765.jpg 574w, https:\/\/duchessamargherita.it\/files\/2025\/11\/dettaglio-orologio-900x1200.jpg 900w, https:\/\/duchessamargherita.it\/files\/2025\/11\/dettaglio-orologio-350x466.jpg 350w\" sizes=\"auto, (max-width: 574px) 100vw, 574px\" \/><\/a><\/figure>\n\n\n\n<figure class=\"wp-block-image size-portrait_md\"><a href=\"https:\/\/duchessamargherita.it\/files\/2025\/09\/camera-3.jpg\"><img loading=\"lazy\" decoding=\"async\" width=\"574\" height=\"765\" data-id=\"39\" src=\"https:\/\/duchessamargherita.it\/files\/2025\/09\/camera-3-574x765.jpg\" alt=\"\" class=\"wp-image-39\" srcset=\"https:\/\/duchessamargherita.it\/files\/2025\/09\/camera-3-574x765.jpg 574w, https:\/\/duchessamargherita.it\/files\/2025\/09\/camera-3-900x1200.jpg 900w, https:\/\/duchessamargherita.it\/files\/2025\/09\/camera-3-350x466.jpg 350w\" sizes=\"auto, (max-width: 574px) 100vw, 574px\" \/><\/a><\/figure>\n\n\n\n<figure class=\"wp-block-image size-portrait_md\"><a href=\"https:\/\/duchessamargherita.it\/files\/2025\/09\/teiera-1.jpg\"><img loading=\"lazy\" decoding=\"async\" width=\"574\" height=\"765\" data-id=\"55\" src=\"https:\/\/duchessamargherita.it\/files\/2025\/09\/teiera-1-574x765.jpg\" alt=\"\" class=\"wp-image-55\" srcset=\"https:\/\/duchessamargherita.it\/files\/2025\/09\/teiera-1-574x765.jpg 574w, https:\/\/duchessamargherita.it\/files\/2025\/09\/teiera-1-900x1200.jpg 900w, https:\/\/duchessamargherita.it\/files\/2025\/09\/teiera-1-350x466.jpg 350w\" sizes=\"auto, (max-width: 574px) 100vw, 574px\" \/><\/a><\/figure>\n\n\n\n<figure class=\"wp-block-image size-portrait_md\"><a href=\"https:\/\/duchessamargherita.it\/files\/2025\/10\/esterno-residenza-storica.jpg\"><img loading=\"lazy\" decoding=\"async\" width=\"574\" height=\"765\" data-id=\"79\" src=\"https:\/\/duchessamargherita.it\/files\/2025\/10\/esterno-residenza-storica-574x765.jpg\" alt=\"\" class=\"wp-image-79\" srcset=\"https:\/\/duchessamargherita.it\/files\/2025\/10\/esterno-residenza-storica-574x765.jpg 574w, https:\/\/duchessamargherita.it\/files\/2025\/10\/esterno-residenza-storica-900x1200.jpg 900w, https:\/\/duchessamargherita.it\/files\/2025\/10\/esterno-residenza-storica-350x466.jpg 350w\" sizes=\"auto, (max-width: 574px) 100vw, 574px\" \/><\/a><\/figure>\n\n\n\n<figure class=\"wp-block-image size-portrait_md\"><a href=\"https:\/\/duchessamargherita.it\/files\/2025\/10\/terrazza.jpg\"><img loading=\"lazy\" decoding=\"async\" width=\"574\" height=\"765\" data-id=\"81\" src=\"https:\/\/duchessamargherita.it\/files\/2025\/10\/terrazza-574x765.jpg\" alt=\"\" class=\"wp-image-81\" srcset=\"https:\/\/duchessamargherita.it\/files\/2025\/10\/terrazza-574x765.jpg 574w, https:\/\/duchessamargherita.it\/files\/2025\/10\/terrazza-350x466.jpg 350w\" sizes=\"auto, (max-width: 574px) 100vw, 574px\" \/><\/a><\/figure>\n\n\n\n<figure class=\"wp-block-image size-portrait_md\"><a href=\"https:\/\/duchessamargherita.it\/files\/2025\/10\/Mini-piscina-jacuzzi.jpg\"><img loading=\"lazy\" decoding=\"async\" width=\"574\" height=\"765\" data-id=\"89\" src=\"https:\/\/duchessamargherita.it\/files\/2025\/10\/Mini-piscina-jacuzzi-574x765.jpg\" alt=\"\" class=\"wp-image-89\" srcset=\"https:\/\/duchessamargherita.it\/files\/2025\/10\/Mini-piscina-jacuzzi-574x765.jpg 574w, https:\/\/duchessamargherita.it\/files\/2025\/10\/Mini-piscina-jacuzzi-900x1200.jpg 900w, https:\/\/duchessamargherita.it\/files\/2025\/10\/Mini-piscina-jacuzzi-350x466.jpg 350w\" sizes=\"auto, (max-width: 574px) 100vw, 574px\" \/><\/a><\/figure>\n<\/figure>\n","protected":false},"excerpt":{"rendered":"","protected":false},"author":20632,"featured_media":6787,"parent":6905,"menu_order":0,"comment_status":"closed","ping_status":"closed","template":"","meta":{"_acf_changed":false,"_monsterinsights_skip_tracking":false,"_monsterinsights_sitenote_active":false,"_monsterinsights_sitenote_note":"","_monsterinsights_sitenote_category":0,"footnotes":""},"class_list":["post-6785","page","type-page","status-publish","has-post-thumbnail","hentry"],"yoast_head":"<!-- This site is optimized with the Yoast SEO plugin v27.2 - https:\/\/yoast.com\/product\/yoast-seo-wordpress\/ -->\n<title>Galerie | R\u00e9sidence d&#039;\u00c9poque \u00e0 Vicoforte Mondov\u00ec | Demeure Historique Duchesse Margherita<\/title>\n<meta name=\"robots\" content=\"index, follow, max-snippet:-1, max-image-preview:large, max-video-preview:-1\" \/>\n<link rel=\"canonical\" href=\"https:\/\/duchessamargherita.it\/fr\/demeure-historique\/galerie\/\" \/>\n<meta property=\"og:locale\" content=\"fr_FR\" \/>\n<meta property=\"og:type\" content=\"article\" \/>\n<meta property=\"og:title\" content=\"Galerie | R\u00e9sidence d&#039;\u00c9poque \u00e0 Vicoforte Mondov\u00ec | Demeure Historique Duchesse Margherita\" \/>\n<meta property=\"og:url\" content=\"https:\/\/duchessamargherita.it\/fr\/demeure-historique\/galerie\/\" \/>\n<meta property=\"og:site_name\" content=\"Demeure Historique Duchesse Margherita\" \/>\n<meta property=\"article:modified_time\" content=\"2025-11-07T16:58:01+00:00\" \/>\n<meta property=\"og:image\" content=\"https:\/\/duchessamargherita.it\/files\/2025\/11\/tavolo-colazione.jpg\" \/>\n\t<meta property=\"og:image:width\" content=\"1920\" \/>\n\t<meta property=\"og:image:height\" content=\"1280\" \/>\n\t<meta property=\"og:image:type\" content=\"image\/jpeg\" \/>\n<meta name=\"twitter:card\" content=\"summary_large_image\" \/>\n<!-- \/ Yoast SEO plugin. -->","yoast_head_json":{"title":"Galerie | R\u00e9sidence d'\u00c9poque \u00e0 Vicoforte Mondov\u00ec | Demeure Historique Duchesse Margherita","robots":{"index":"index","follow":"follow","max-snippet":"max-snippet:-1","max-image-preview":"max-image-preview:large","max-video-preview":"max-video-preview:-1"},"canonical":"https:\/\/duchessamargherita.it\/fr\/demeure-historique\/galerie\/","og_locale":"fr_FR","og_type":"article","og_title":"Galerie | R\u00e9sidence d'\u00c9poque \u00e0 Vicoforte Mondov\u00ec | Demeure Historique Duchesse Margherita","og_url":"https:\/\/duchessamargherita.it\/fr\/demeure-historique\/galerie\/","og_site_name":"Demeure Historique Duchesse Margherita","article_modified_time":"2025-11-07T16:58:01+00:00","og_image":[{"width":1920,"height":1280,"url":"https:\/\/duchessamargherita.it\/files\/2025\/11\/tavolo-colazione.jpg","type":"image\/jpeg"}],"twitter_card":"summary_large_image","schema":{"@context":"https:\/\/schema.org","@graph":[{"@type":"WebPage","@id":"https:\/\/duchessamargherita.it\/fr\/demeure-historique\/galerie\/","url":"https:\/\/duchessamargherita.it\/fr\/demeure-historique\/galerie\/","name":"Galerie | R\u00e9sidence d'\u00c9poque \u00e0 Vicoforte Mondov\u00ec | Demeure Historique Duchesse Margherita","isPartOf":{"@id":"https:\/\/duchessamargherita.it\/#website"},"primaryImageOfPage":{"@id":"https:\/\/duchessamargherita.it\/fr\/demeure-historique\/galerie\/#primaryimage"},"image":{"@id":"https:\/\/duchessamargherita.it\/fr\/demeure-historique\/galerie\/#primaryimage"},"thumbnailUrl":"https:\/\/duchessamargherita.it\/files\/2025\/11\/tavolo-colazione.jpg","datePublished":"2025-11-07T10:45:11+00:00","dateModified":"2025-11-07T16:58:01+00:00","breadcrumb":{"@id":"https:\/\/duchessamargherita.it\/fr\/demeure-historique\/galerie\/#breadcrumb"},"inLanguage":"fr-FR","potentialAction":[{"@type":"ReadAction","target":["https:\/\/duchessamargherita.it\/fr\/demeure-historique\/galerie\/"]}]},{"@type":"ImageObject","inLanguage":"fr-FR","@id":"https:\/\/duchessamargherita.it\/fr\/demeure-historique\/galerie\/#primaryimage","url":"https:\/\/duchessamargherita.it\/files\/2025\/11\/tavolo-colazione.jpg","contentUrl":"https:\/\/duchessamargherita.it\/files\/2025\/11\/tavolo-colazione.jpg","width":1920,"height":1280},{"@type":"BreadcrumbList","@id":"https:\/\/duchessamargherita.it\/fr\/demeure-historique\/galerie\/#breadcrumb","itemListElement":[{"@type":"ListItem","position":1,"name":"Accueil","item":"https:\/\/duchessamargherita.it\/fr\/"},{"@type":"ListItem","position":2,"name":"Demeure Historique","item":"https:\/\/duchessamargherita.it\/fr\/demeure-historique\/"},{"@type":"ListItem","position":3,"name":"Galerie"}]},{"@type":"WebSite","@id":"https:\/\/duchessamargherita.it\/#website","url":"https:\/\/duchessamargherita.it\/","name":"Demeure Historique Duchesse Margherita","description":"R\u00e9sidence d'\u00c9poque \u00e0 Vicoforte Mondov\u00ec","publisher":{"@id":"https:\/\/duchessamargherita.it\/#organization"},"potentialAction":[{"@type":"SearchAction","target":{"@type":"EntryPoint","urlTemplate":"https:\/\/duchessamargherita.it\/?s={search_term_string}"},"query-input":{"@type":"PropertyValueSpecification","valueRequired":true,"valueName":"search_term_string"}}],"inLanguage":"fr-FR"},{"@type":"Organization","@id":"https:\/\/duchessamargherita.it\/#organization","name":"Demeure Historique Duchesse Margherita","url":"https:\/\/duchessamargherita.it\/","logo":{"@type":"ImageObject","inLanguage":"fr-FR","@id":"https:\/\/duchessamargherita.it\/#\/schema\/logo\/image\/","url":"","contentUrl":"","caption":"Demeure Historique Duchesse Margherita"},"image":{"@id":"https:\/\/duchessamargherita.it\/#\/schema\/logo\/image\/"}}]}},"acf":[],"_links":{"self":[{"href":"https:\/\/duchessamargherita.it\/fr\/wp-json\/wp\/v2\/pages\/6785","targetHints":{"allow":["GET"]}}],"collection":[{"href":"https:\/\/duchessamargherita.it\/fr\/wp-json\/wp\/v2\/pages"}],"about":[{"href":"https:\/\/duchessamargherita.it\/fr\/wp-json\/wp\/v2\/types\/page"}],"author":[{"embeddable":true,"href":"https:\/\/duchessamargherita.it\/fr\/wp-json\/wp\/v2\/users\/20632"}],"replies":[{"embeddable":true,"href":"https:\/\/duchessamargherita.it\/fr\/wp-json\/wp\/v2\/comments?post=6785"}],"version-history":[{"count":0,"href":"https:\/\/duchessamargherita.it\/fr\/wp-json\/wp\/v2\/pages\/6785\/revisions"}],"up":[{"embeddable":true,"href":"https:\/\/duchessamargherita.it\/fr\/wp-json\/wp\/v2\/pages\/6905"}],"wp:featuredmedia":[{"embeddable":true,"href":"https:\/\/duchessamargherita.it\/fr\/wp-json\/wp\/v2\/media\/6787"}],"wp:attachment":[{"href":"https:\/\/duchessamargherita.it\/fr\/wp-json\/wp\/v2\/media?parent=6785"}],"curies":[{"name":"wp","href":"https:\/\/api.w.org\/{rel}","templated":true}]}}