{"id":6839,"date":"2025-09-22T09:18:44","date_gmt":"2025-09-22T07:18:44","guid":{"rendered":"https:\/\/duchessamargherita.it\/territoire\/"},"modified":"2025-11-07T17:11:50","modified_gmt":"2025-11-07T16:11:50","slug":"territoire","status":"publish","type":"page","link":"https:\/\/duchessamargherita.it\/fr\/territoire\/","title":{"rendered":"Territoire"},"content":{"rendered":"<section class=\"text-image text-image--text-is-left text-image--mt-default text-image--mb-default text-image--align-full text-image--no-background  __text-image text-image--image-mobile-bottom \">\n  <div class=\"text-image__inner text-image__inner--align-full text-image__inner--valign-default flex-columns\">\n    <div class=\"text-image__text text-image__text--is-left text-image__text--is-mobile-top flex-column flex-column--width-50\">\n              <div class=\"text-image__typography typography typography--text-is-left\">\n          \n<div class=\"title-block title-block--mt-default title-block--align-center title-block--mb-default title-block--text-align-default title-block--is-style-none typography__title-block\">\n      <h3 class=\"title-block__tagline\">\n      Vicoforte\n    <\/h3>\n        <h2 class=\"title-block__title title-block__title--not-main\">\n      Que voir\n    <\/h2>\n        <div class=\"title-block__description\">\n      essai essai\n    <\/div>\n  <\/div>\n\n\n<p>textetexte<\/p>\n\n\n        <\/div>\n          <\/div>\n    <div class=\"text-image__image-container text-image__image-container--is-right text-image__image-container--is-mobile-bottom flex-column flex-column--width-50\">\n          <\/div>\n  <\/div>\n<\/section>","protected":false},"excerpt":{"rendered":"","protected":false},"author":20632,"featured_media":6745,"parent":0,"menu_order":0,"comment_status":"closed","ping_status":"closed","template":"","meta":{"_acf_changed":false,"_monsterinsights_skip_tracking":false,"_monsterinsights_sitenote_active":false,"_monsterinsights_sitenote_note":"","_monsterinsights_sitenote_category":0,"footnotes":""},"class_list":["post-6839","page","type-page","status-publish","has-post-thumbnail","hentry"],"yoast_head":"<!-- This site is optimized with the Yoast SEO plugin v27.2 - https:\/\/yoast.com\/product\/yoast-seo-wordpress\/ -->\n<title>Territoire | R\u00e9sidence d&#039;\u00c9poque \u00e0 Vicoforte Mondov\u00ec | Demeure Historique Duchesse Margherita<\/title>\n<meta name=\"description\" content=\"textetexte\" \/>\n<meta name=\"robots\" content=\"index, follow, max-snippet:-1, max-image-preview:large, max-video-preview:-1\" \/>\n<link rel=\"canonical\" href=\"https:\/\/duchessamargherita.it\/fr\/territoire\/\" \/>\n<meta property=\"og:locale\" content=\"fr_FR\" \/>\n<meta property=\"og:type\" content=\"article\" \/>\n<meta property=\"og:title\" content=\"Territoire | R\u00e9sidence d&#039;\u00c9poque \u00e0 Vicoforte Mondov\u00ec | Demeure Historique Duchesse Margherita\" \/>\n<meta property=\"og:description\" content=\"textetexte\" \/>\n<meta property=\"og:url\" content=\"https:\/\/duchessamargherita.it\/fr\/territoire\/\" \/>\n<meta property=\"og:site_name\" content=\"Demeure Historique Duchesse Margherita\" \/>\n<meta property=\"article:modified_time\" content=\"2025-11-07T16:11:50+00:00\" \/>\n<meta property=\"og:image\" content=\"https:\/\/duchessamargherita.it\/files\/2025\/11\/duchessa_margherita_mondovi.jpg\" \/>\n\t<meta property=\"og:image:width\" content=\"2000\" \/>\n\t<meta property=\"og:image:height\" content=\"1114\" \/>\n\t<meta property=\"og:image:type\" content=\"image\/jpeg\" \/>\n<meta name=\"twitter:card\" content=\"summary_large_image\" \/>\n<!-- \/ Yoast SEO plugin. -->","yoast_head_json":{"title":"Territoire | R\u00e9sidence d'\u00c9poque \u00e0 Vicoforte Mondov\u00ec | Demeure Historique Duchesse Margherita","description":"textetexte","robots":{"index":"index","follow":"follow","max-snippet":"max-snippet:-1","max-image-preview":"max-image-preview:large","max-video-preview":"max-video-preview:-1"},"canonical":"https:\/\/duchessamargherita.it\/fr\/territoire\/","og_locale":"fr_FR","og_type":"article","og_title":"Territoire | R\u00e9sidence d'\u00c9poque \u00e0 Vicoforte Mondov\u00ec | Demeure Historique Duchesse Margherita","og_description":"textetexte","og_url":"https:\/\/duchessamargherita.it\/fr\/territoire\/","og_site_name":"Demeure Historique Duchesse Margherita","article_modified_time":"2025-11-07T16:11:50+00:00","og_image":[{"width":2000,"height":1114,"url":"https:\/\/duchessamargherita.it\/files\/2025\/11\/duchessa_margherita_mondovi.jpg","type":"image\/jpeg"}],"twitter_card":"summary_large_image","schema":{"@context":"https:\/\/schema.org","@graph":[{"@type":"WebPage","@id":"https:\/\/duchessamargherita.it\/fr\/territoire\/","url":"https:\/\/duchessamargherita.it\/fr\/territoire\/","name":"Territoire | R\u00e9sidence d'\u00c9poque \u00e0 Vicoforte Mondov\u00ec | Demeure Historique Duchesse Margherita","isPartOf":{"@id":"https:\/\/duchessamargherita.it\/#website"},"primaryImageOfPage":{"@id":"https:\/\/duchessamargherita.it\/fr\/territoire\/#primaryimage"},"image":{"@id":"https:\/\/duchessamargherita.it\/fr\/territoire\/#primaryimage"},"thumbnailUrl":"https:\/\/duchessamargherita.it\/files\/2025\/11\/duchessa_margherita_mondovi.jpg","datePublished":"2025-09-22T07:18:44+00:00","dateModified":"2025-11-07T16:11:50+00:00","description":"textetexte","breadcrumb":{"@id":"https:\/\/duchessamargherita.it\/fr\/territoire\/#breadcrumb"},"inLanguage":"fr-FR","potentialAction":[{"@type":"ReadAction","target":["https:\/\/duchessamargherita.it\/fr\/territoire\/"]}]},{"@type":"ImageObject","inLanguage":"fr-FR","@id":"https:\/\/duchessamargherita.it\/fr\/territoire\/#primaryimage","url":"https:\/\/duchessamargherita.it\/files\/2025\/11\/duchessa_margherita_mondovi.jpg","contentUrl":"https:\/\/duchessamargherita.it\/files\/2025\/11\/duchessa_margherita_mondovi.jpg","width":2000,"height":1114},{"@type":"BreadcrumbList","@id":"https:\/\/duchessamargherita.it\/fr\/territoire\/#breadcrumb","itemListElement":[{"@type":"ListItem","position":1,"name":"Accueil","item":"https:\/\/duchessamargherita.it\/fr\/"},{"@type":"ListItem","position":2,"name":"Territoire"}]},{"@type":"WebSite","@id":"https:\/\/duchessamargherita.it\/#website","url":"https:\/\/duchessamargherita.it\/","name":"Demeure Historique Duchesse Margherita","description":"R\u00e9sidence d'\u00c9poque \u00e0 Vicoforte Mondov\u00ec","publisher":{"@id":"https:\/\/duchessamargherita.it\/#organization"},"potentialAction":[{"@type":"SearchAction","target":{"@type":"EntryPoint","urlTemplate":"https:\/\/duchessamargherita.it\/?s={search_term_string}"},"query-input":{"@type":"PropertyValueSpecification","valueRequired":true,"valueName":"search_term_string"}}],"inLanguage":"fr-FR"},{"@type":"Organization","@id":"https:\/\/duchessamargherita.it\/#organization","name":"Demeure Historique Duchesse Margherita","url":"https:\/\/duchessamargherita.it\/","logo":{"@type":"ImageObject","inLanguage":"fr-FR","@id":"https:\/\/duchessamargherita.it\/#\/schema\/logo\/image\/","url":"","contentUrl":"","caption":"Demeure Historique Duchesse Margherita"},"image":{"@id":"https:\/\/duchessamargherita.it\/#\/schema\/logo\/image\/"}}]}},"acf":[],"_links":{"self":[{"href":"https:\/\/duchessamargherita.it\/fr\/wp-json\/wp\/v2\/pages\/6839","targetHints":{"allow":["GET"]}}],"collection":[{"href":"https:\/\/duchessamargherita.it\/fr\/wp-json\/wp\/v2\/pages"}],"about":[{"href":"https:\/\/duchessamargherita.it\/fr\/wp-json\/wp\/v2\/types\/page"}],"author":[{"embeddable":true,"href":"https:\/\/duchessamargherita.it\/fr\/wp-json\/wp\/v2\/users\/20632"}],"replies":[{"embeddable":true,"href":"https:\/\/duchessamargherita.it\/fr\/wp-json\/wp\/v2\/comments?post=6839"}],"version-history":[{"count":0,"href":"https:\/\/duchessamargherita.it\/fr\/wp-json\/wp\/v2\/pages\/6839\/revisions"}],"wp:featuredmedia":[{"embeddable":true,"href":"https:\/\/duchessamargherita.it\/fr\/wp-json\/wp\/v2\/media\/6745"}],"wp:attachment":[{"href":"https:\/\/duchessamargherita.it\/fr\/wp-json\/wp\/v2\/media?parent=6839"}],"curies":[{"name":"wp","href":"https:\/\/api.w.org\/{rel}","templated":true}]}}