{"id":7437,"date":"2025-10-10T09:01:03","date_gmt":"2025-10-10T07:01:03","guid":{"rendered":"https:\/\/duchessamargherita.it\/services\/cafe\/"},"modified":"2025-11-07T17:57:49","modified_gmt":"2025-11-07T16:57:49","slug":"cafe","status":"publish","type":"page","link":"https:\/\/duchessamargherita.it\/fr\/services\/cafe\/","title":{"rendered":"Caf\u00e9"},"content":{"rendered":"\n<h2 class=\"wp-block-heading\">Laissez-vous choyer par notre service de caf\u00e9 et savourez un brunch de r\u00eave<\/h2>\n\n<p>Notre <a href=\"https:\/\/duchessamargherita.it\/files\/2025\/10\/listino-prezzi-caffetteria_duchessa_margherita_nov25.pdf\">service de caf\u00e9t\u00e9ria<\/a> offre une exp\u00e9rience unique, con\u00e7ue pour satisfaire tous les palais. De l&#8217;<strong>espresso<\/strong> classique au <strong>cappuccino<\/strong> cr\u00e9meux, nous pr\u00e9parons chaque boisson avec soin et attention aux d\u00e9tails, en utilisant uniquement les meilleurs grains de <strong>caf\u00e9 Illy<\/strong>.<\/p>\n\n<p>En plus des tisanes, des boissons, des jus et des cocktails, avec ou sans alcool, notre offre est compl\u00e9t\u00e9e par de d\u00e9licieux <strong>croissants<\/strong>, des focaccias garnies, des <strong>planches<\/strong>, des brunchs et des <strong>glaces<\/strong>.<\/p>\n\n<p>Notre caf\u00e9 est l&#8217;endroit id\u00e9al pour <strong>profiter d&#8217;un moment de tranquillit\u00e9<\/strong> dans une ambiance chaleureuse.<\/p>\n<section class=\"post-grid post-grid--mt-default post-grid--mb-default post-grid---col post-grid--type-wine_list post-grid--no-background typography__post-grid \">\n  <div class=\"post-grid__inner post-grid__inner--type-wine_list\">\n                    <header class=\"post-grid__header\">\n            <div class=\"post-grid__title-container post-grid__title-container--teaser-card\">\n              <h2 class=\"post-grid__title post-grid__title--teaser-card\">\n                Menu du caf\u00e9\n              <\/h2>\n                              <p class=\"post-grid__subtitle post-grid__subtitle--teaser-card\">\n                  <strong>Le menu du caf\u00e9 de la Duchesse Margherita propose une s\u00e9lection de <\/strong>boissons chaudes et froides<strong>, des <\/strong>caf\u00e9s classiques<strong> et <\/strong>cappuccinos<strong>, tisanes, jus et <\/strong>cocktails<strong>, accompagn\u00e9s de <\/strong>d\u00e9licieuses propositions sucr\u00e9es et sal\u00e9es<strong>.<\/strong>\n                <\/p>\n                          <\/div>\n                      <\/header>\n                <ul class=\"post-grid__row post-grid__row--type-wine_list post-grid__row--teaser-card\">\n                        <li class=\"wine-list post-grid__wine-list\">\n  <ul class=\"wine-list__inner\">\n      <li class=\"wine-list__item wine-list-item wine-list-item--is-item p\">\n      <span class=\"wine-list-item__appellation wine-list-item__appellation--is-item\">\n        Caff\u00e8 \n      <\/span>\n                        <span class=\"wine-list-item__separator\">\n      <\/span>\n              <span class=\"wine-list-item__price wine-list-item__price--is-item\">\n          1.50 \u20ac         <\/span>\n          <\/li>\n      <li class=\"wine-list__item wine-list-item wine-list-item--is-item p\">\n      <span class=\"wine-list-item__appellation wine-list-item__appellation--is-item\">\n        Cappuccino \n      <\/span>\n                        <span class=\"wine-list-item__separator\">\n      <\/span>\n              <span class=\"wine-list-item__price wine-list-item__price--is-item\">\n          1.80 \u20ac         <\/span>\n          <\/li>\n      <li class=\"wine-list__item wine-list-item wine-list-item--is-item p\">\n      <span class=\"wine-list-item__appellation wine-list-item__appellation--is-item\">\n        Marocchino \n      <\/span>\n                        <span class=\"wine-list-item__separator\">\n      <\/span>\n              <span class=\"wine-list-item__price wine-list-item__price--is-item\">\n          1.60 \u20ac         <\/span>\n          <\/li>\n      <li class=\"wine-list__item wine-list-item wine-list-item--is-item p\">\n      <span class=\"wine-list-item__appellation wine-list-item__appellation--is-item\">\n        Nutellino \n      <\/span>\n                        <span class=\"wine-list-item__separator\">\n      <\/span>\n              <span class=\"wine-list-item__price wine-list-item__price--is-item\">\n          2.80 \u20ac         <\/span>\n          <\/li>\n      <li class=\"wine-list__item wine-list-item wine-list-item--is-item p\">\n      <span class=\"wine-list-item__appellation wine-list-item__appellation--is-item\">\n        Pistacchino \n      <\/span>\n                        <span class=\"wine-list-item__separator\">\n      <\/span>\n              <span class=\"wine-list-item__price wine-list-item__price--is-item\">\n          2.80 \u20ac         <\/span>\n          <\/li>\n      <li class=\"wine-list__item wine-list-item wine-list-item--is-item p\">\n      <span class=\"wine-list-item__appellation wine-list-item__appellation--is-item\">\n        Marocchino con crema di mandorle \n      <\/span>\n                        <span class=\"wine-list-item__separator\">\n      <\/span>\n              <span class=\"wine-list-item__price wine-list-item__price--is-item\">\n          2.80 \u20ac         <\/span>\n          <\/li>\n      <li class=\"wine-list__item wine-list-item wine-list-item--is-item p\">\n      <span class=\"wine-list-item__appellation wine-list-item__appellation--is-item\">\n        Marocchino con crema di nocciole  \n      <\/span>\n                        <span class=\"wine-list-item__separator\">\n      <\/span>\n              <span class=\"wine-list-item__price wine-list-item__price--is-item\">\n          2.80 \u20ac         <\/span>\n          <\/li>\n      <li class=\"wine-list__item wine-list-item wine-list-item--is-item p\">\n      <span class=\"wine-list-item__appellation wine-list-item__appellation--is-item\">\n        Orzo \n      <\/span>\n                        <span class=\"wine-list-item__separator\">\n      <\/span>\n              <span class=\"wine-list-item__price wine-list-item__price--is-item\">\n          1.50 \u20ac         <\/span>\n          <\/li>\n      <li class=\"wine-list__item wine-list-item wine-list-item--is-item p\">\n      <span class=\"wine-list-item__appellation wine-list-item__appellation--is-item\">\n        Ginseng \n      <\/span>\n                        <span class=\"wine-list-item__separator\">\n      <\/span>\n              <span class=\"wine-list-item__price wine-list-item__price--is-item\">\n          1.50 \u20ac         <\/span>\n          <\/li>\n      <li class=\"wine-list__item wine-list-item wine-list-item--is-item p\">\n      <span class=\"wine-list-item__appellation wine-list-item__appellation--is-item\">\n        Latte Macchiato \n      <\/span>\n                        <span class=\"wine-list-item__separator\">\n      <\/span>\n              <span class=\"wine-list-item__price wine-list-item__price--is-item\">\n          2.00 \u20ac         <\/span>\n          <\/li>\n      <li class=\"wine-list__item wine-list-item wine-list-item--is-item p\">\n      <span class=\"wine-list-item__appellation wine-list-item__appellation--is-item\">\n        Cioccolata Calda \n      <\/span>\n                        <span class=\"wine-list-item__separator\">\n      <\/span>\n              <span class=\"wine-list-item__price wine-list-item__price--is-item\">\n          3.50 \u20ac         <\/span>\n          <\/li>\n      <li class=\"wine-list__item wine-list-item wine-list-item--is-item p\">\n      <span class=\"wine-list-item__appellation wine-list-item__appellation--is-item\">\n        Caff\u00e8 Gourmand \n      <\/span>\n                        <span class=\"wine-list-item__separator\">\n      <\/span>\n              <span class=\"wine-list-item__price wine-list-item__price--is-item\">\n          5.00 \u20ac         <\/span>\n          <\/li>\n      <li class=\"wine-list__item wine-list-item wine-list-item--is-item p\">\n      <span class=\"wine-list-item__appellation wine-list-item__appellation--is-item\">\n        Tisana \n      <\/span>\n                        <span class=\"wine-list-item__separator\">\n      <\/span>\n              <span class=\"wine-list-item__price wine-list-item__price--is-item\">\n          2.00 \u20ac         <\/span>\n          <\/li>\n      <li class=\"wine-list__item wine-list-item wine-list-item--is-item p\">\n      <span class=\"wine-list-item__appellation wine-list-item__appellation--is-item\">\n        The \n      <\/span>\n                        <span class=\"wine-list-item__separator\">\n      <\/span>\n              <span class=\"wine-list-item__price wine-list-item__price--is-item\">\n          2.00 \u20ac         <\/span>\n          <\/li>\n      <li class=\"wine-list__item wine-list-item wine-list-item--is-item p\">\n      <span class=\"wine-list-item__appellation wine-list-item__appellation--is-item\">\n        Acqua \n      <\/span>\n                        <span class=\"wine-list-item__separator\">\n      <\/span>\n              <span class=\"wine-list-item__price wine-list-item__price--is-item\">\n          2.00 \u20ac         <\/span>\n          <\/li>\n      <li class=\"wine-list__item wine-list-item wine-list-item--is-item p\">\n      <span class=\"wine-list-item__appellation wine-list-item__appellation--is-item\">\n        Bibite \n      <\/span>\n                        <span class=\"wine-list-item__separator\">\n      <\/span>\n              <span class=\"wine-list-item__price wine-list-item__price--is-item\">\n          3.00 \u20ac         <\/span>\n          <\/li>\n      <li class=\"wine-list__item wine-list-item wine-list-item--is-item p\">\n      <span class=\"wine-list-item__appellation wine-list-item__appellation--is-item\">\n        Succhi \n      <\/span>\n                        <span class=\"wine-list-item__separator\">\n      <\/span>\n              <span class=\"wine-list-item__price wine-list-item__price--is-item\">\n          3.00 \u20ac         <\/span>\n          <\/li>\n      <li class=\"wine-list__item wine-list-item wine-list-item--is-item p\">\n      <span class=\"wine-list-item__appellation wine-list-item__appellation--is-item\">\n        Affogato all&#8217;amarena \n      <\/span>\n                        <span class=\"wine-list-item__separator\">\n      <\/span>\n              <span class=\"wine-list-item__price wine-list-item__price--is-item\">\n          4.50 \u20ac         <\/span>\n          <\/li>\n      <li class=\"wine-list__item wine-list-item wine-list-item--is-item p\">\n      <span class=\"wine-list-item__appellation wine-list-item__appellation--is-item\">\n        Affogato al caff\u00e8 \n      <\/span>\n                        <span class=\"wine-list-item__separator\">\n      <\/span>\n              <span class=\"wine-list-item__price wine-list-item__price--is-item\">\n          4.50 \u20ac         <\/span>\n          <\/li>\n      <li class=\"wine-list__item wine-list-item wine-list-item--is-item p\">\n      <span class=\"wine-list-item__appellation wine-list-item__appellation--is-item\">\n        Analcolico \n      <\/span>\n                        <span class=\"wine-list-item__separator\">\n      <\/span>\n              <span class=\"wine-list-item__price wine-list-item__price--is-item\">\n          5.00 \u20ac         <\/span>\n          <\/li>\n      <li class=\"wine-list__item wine-list-item wine-list-item--is-item p\">\n      <span class=\"wine-list-item__appellation wine-list-item__appellation--is-item\">\n        Tagliere grande \n      <\/span>\n                        <span class=\"wine-list-item__separator\">\n      <\/span>\n              <span class=\"wine-list-item__price wine-list-item__price--is-item\">\n          20 \u20ac         <\/span>\n          <\/li>\n      <li class=\"wine-list__item wine-list-item wine-list-item--is-item p\">\n      <span class=\"wine-list-item__appellation wine-list-item__appellation--is-item\">\n        Coppa di gelato \n      <\/span>\n                        <span class=\"wine-list-item__separator\">\n      <\/span>\n              <span class=\"wine-list-item__price wine-list-item__price--is-item\">\n          4.50 \u20ac         <\/span>\n          <\/li>\n      <li class=\"wine-list__item wine-list-item wine-list-item--is-item p\">\n      <span class=\"wine-list-item__appellation wine-list-item__appellation--is-item\">\n        Affogato al caff\u00e8 \n      <\/span>\n                        <span class=\"wine-list-item__separator\">\n      <\/span>\n              <span class=\"wine-list-item__price wine-list-item__price--is-item\">\n          4.50 \u20ac         <\/span>\n          <\/li>\n  \n  <\/ul>\n<\/li>\n                  <\/ul>\n               \n  <\/div>\n<\/section>\n<section class=\"post-grid post-grid--mt-default post-grid--mb-default post-grid--menu-cols-col post-grid--type-food_menu post-grid--no-background __post-grid \">\n  <div class=\"post-grid__inner post-grid__inner--type-food_menu\">\n                    <header class=\"post-grid__header\">\n            <div class=\"post-grid__title-container post-grid__title-container--teaser-card\">\n              <h2 class=\"post-grid__title post-grid__title--teaser-card\">\n                Les Brunchs\n              <\/h2>\n                              <p class=\"post-grid__subtitle post-grid__subtitle--teaser-card\">\n                  D\u00e9couvrez nos <strong>d\u00e9licieux brunchs<\/strong>, un m\u00e9lange parfait de <strong>sucr\u00e9<\/strong> et de <strong>sal\u00e9<\/strong> pour commencer la journ\u00e9e de la mani\u00e8re la plus relaxante et <strong>savoureuse<\/strong>.\n                <\/p>\n                          <\/div>\n                      <\/header>\n                <ul class=\"post-grid__row post-grid__row--type-food_menu post-grid__row--teaser-card\">\n                    <section class=\"fmli-card fmli-card--is-tasting post-grid__fmli-card\">\n  <div class=\"fmli-card__inner\">\n    <div class=\"fmli-card__header\">\n      <h2 class=\"fmli-card__title-container h2\">\n        <span class=\"fmli-card__title fmli-card__title--p1\">\n          Brunch l\u00e9ger\n        <\/span>\n              <\/h2>\n          <\/div>\n    <div class=\"fmli-card__row fmli-card__row--is-tasting\">\n          <\/div>\n          <footer class=\"fmli-card__footer\">\n                  <p class=\"fmli-card__price h4\">\n            <span class=\"fmli-card__price-label\">Price<\/span>\n            <span class=\"fmli-card__price-label\">18\u20ac<\/span>\n          <\/p>\n                      <\/footer>\n      <\/div>\n<\/section>\n\n              <section class=\"fmli-card fmli-card--is-tasting post-grid__fmli-card\">\n  <div class=\"fmli-card__inner\">\n    <div class=\"fmli-card__header\">\n      <h2 class=\"fmli-card__title-container h2\">\n        <span class=\"fmli-card__title fmli-card__title--p1\">\n          Grand brunch\n        <\/span>\n              <\/h2>\n          <\/div>\n    <div class=\"fmli-card__row fmli-card__row--is-tasting\">\n          <\/div>\n          <footer class=\"fmli-card__footer\">\n                  <p class=\"fmli-card__price h4\">\n            <span class=\"fmli-card__price-label\">Price<\/span>\n            <span class=\"fmli-card__price-label\">28\u20ac<\/span>\n          <\/p>\n                      <\/footer>\n      <\/div>\n<\/section>\n\n              <\/ul>\n               \n  <\/div>\n<\/section>\n","protected":false},"excerpt":{"rendered":"<p>Laissez-vous choyer par notre service de caf\u00e9 et savourez un brunch de r\u00eave Notre service de caf\u00e9t\u00e9ria offre une exp\u00e9rience unique, con\u00e7ue pour satisfaire tous les palais. De l&#8217;espresso classique au cappuccino cr\u00e9meux, nous pr\u00e9parons chaque boisson avec soin et attention aux d\u00e9tails, en utilisant uniquement les meilleurs grains de caf\u00e9 Illy. En plus des [&hellip;]<\/p>\n","protected":false},"author":20632,"featured_media":6869,"parent":6965,"menu_order":0,"comment_status":"closed","ping_status":"closed","template":"","meta":{"_acf_changed":false,"_monsterinsights_skip_tracking":false,"_monsterinsights_sitenote_active":false,"_monsterinsights_sitenote_note":"","_monsterinsights_sitenote_category":0,"footnotes":""},"class_list":["post-7437","page","type-page","status-publish","has-post-thumbnail","hentry"],"yoast_head":"<!-- This site is optimized with the Yoast SEO plugin v27.2 - https:\/\/yoast.com\/product\/yoast-seo-wordpress\/ -->\n<title>Caf\u00e9 | R\u00e9sidence d&#039;\u00c9poque \u00e0 Vicoforte Mondov\u00ec | Demeure Historique Duchesse Margherita<\/title>\n<meta name=\"description\" content=\"Laissez-vous choyer par notre service de caf\u00e9 et savourez un brunch de r\u00eave Notre service de caf\u00e9t\u00e9ria offre une exp\u00e9rience unique, con\u00e7ue pour satisfaire\" \/>\n<meta name=\"robots\" content=\"index, follow, max-snippet:-1, max-image-preview:large, max-video-preview:-1\" \/>\n<link rel=\"canonical\" href=\"https:\/\/duchessamargherita.it\/fr\/services\/cafe\/\" \/>\n<meta property=\"og:locale\" content=\"fr_FR\" \/>\n<meta property=\"og:type\" content=\"article\" \/>\n<meta property=\"og:title\" content=\"Caf\u00e9 | R\u00e9sidence d&#039;\u00c9poque \u00e0 Vicoforte Mondov\u00ec | Demeure Historique Duchesse Margherita\" \/>\n<meta property=\"og:description\" content=\"Laissez-vous choyer par notre service de caf\u00e9 et savourez un brunch de r\u00eave Notre service de caf\u00e9t\u00e9ria offre une exp\u00e9rience unique, con\u00e7ue pour satisfaire\" \/>\n<meta property=\"og:url\" content=\"https:\/\/duchessamargherita.it\/fr\/services\/cafe\/\" \/>\n<meta property=\"og:site_name\" content=\"Demeure Historique Duchesse Margherita\" \/>\n<meta property=\"article:modified_time\" content=\"2025-11-07T16:57:49+00:00\" \/>\n<meta property=\"og:image\" content=\"https:\/\/duchessamargherita.it\/files\/2025\/09\/pancakes-colazione.jpg\" \/>\n\t<meta property=\"og:image:width\" content=\"1920\" \/>\n\t<meta property=\"og:image:height\" content=\"1200\" \/>\n\t<meta property=\"og:image:type\" content=\"image\/jpeg\" \/>\n<meta name=\"twitter:card\" content=\"summary_large_image\" \/>\n<meta name=\"twitter:label1\" content=\"Est. reading time\" \/>\n\t<meta name=\"twitter:data1\" content=\"1 minute\" \/>\n<!-- \/ Yoast SEO plugin. -->","yoast_head_json":{"title":"Caf\u00e9 | R\u00e9sidence d'\u00c9poque \u00e0 Vicoforte Mondov\u00ec | Demeure Historique Duchesse Margherita","description":"Laissez-vous choyer par notre service de caf\u00e9 et savourez un brunch de r\u00eave Notre service de caf\u00e9t\u00e9ria offre une exp\u00e9rience unique, con\u00e7ue pour satisfaire","robots":{"index":"index","follow":"follow","max-snippet":"max-snippet:-1","max-image-preview":"max-image-preview:large","max-video-preview":"max-video-preview:-1"},"canonical":"https:\/\/duchessamargherita.it\/fr\/services\/cafe\/","og_locale":"fr_FR","og_type":"article","og_title":"Caf\u00e9 | R\u00e9sidence d'\u00c9poque \u00e0 Vicoforte Mondov\u00ec | Demeure Historique Duchesse Margherita","og_description":"Laissez-vous choyer par notre service de caf\u00e9 et savourez un brunch de r\u00eave Notre service de caf\u00e9t\u00e9ria offre une exp\u00e9rience unique, con\u00e7ue pour satisfaire","og_url":"https:\/\/duchessamargherita.it\/fr\/services\/cafe\/","og_site_name":"Demeure Historique Duchesse Margherita","article_modified_time":"2025-11-07T16:57:49+00:00","og_image":[{"width":1920,"height":1200,"url":"https:\/\/duchessamargherita.it\/files\/2025\/09\/pancakes-colazione.jpg","type":"image\/jpeg"}],"twitter_card":"summary_large_image","twitter_misc":{"Est. reading time":"1 minute"},"schema":{"@context":"https:\/\/schema.org","@graph":[{"@type":"WebPage","@id":"https:\/\/duchessamargherita.it\/fr\/services\/cafe\/","url":"https:\/\/duchessamargherita.it\/fr\/services\/cafe\/","name":"Caf\u00e9 | R\u00e9sidence d'\u00c9poque \u00e0 Vicoforte Mondov\u00ec | Demeure Historique Duchesse Margherita","isPartOf":{"@id":"https:\/\/duchessamargherita.it\/#website"},"primaryImageOfPage":{"@id":"https:\/\/duchessamargherita.it\/fr\/services\/cafe\/#primaryimage"},"image":{"@id":"https:\/\/duchessamargherita.it\/fr\/services\/cafe\/#primaryimage"},"thumbnailUrl":"https:\/\/duchessamargherita.it\/files\/2025\/09\/pancakes-colazione.jpg","datePublished":"2025-10-10T07:01:03+00:00","dateModified":"2025-11-07T16:57:49+00:00","description":"Laissez-vous choyer par notre service de caf\u00e9 et savourez un brunch de r\u00eave Notre service de caf\u00e9t\u00e9ria offre une exp\u00e9rience unique, con\u00e7ue pour satisfaire","breadcrumb":{"@id":"https:\/\/duchessamargherita.it\/fr\/services\/cafe\/#breadcrumb"},"inLanguage":"fr-FR","potentialAction":[{"@type":"ReadAction","target":["https:\/\/duchessamargherita.it\/fr\/services\/cafe\/"]}]},{"@type":"ImageObject","inLanguage":"fr-FR","@id":"https:\/\/duchessamargherita.it\/fr\/services\/cafe\/#primaryimage","url":"https:\/\/duchessamargherita.it\/files\/2025\/09\/pancakes-colazione.jpg","contentUrl":"https:\/\/duchessamargherita.it\/files\/2025\/09\/pancakes-colazione.jpg","width":1920,"height":1200},{"@type":"BreadcrumbList","@id":"https:\/\/duchessamargherita.it\/fr\/services\/cafe\/#breadcrumb","itemListElement":[{"@type":"ListItem","position":1,"name":"Accueil","item":"https:\/\/duchessamargherita.it\/fr\/"},{"@type":"ListItem","position":2,"name":"Services","item":"https:\/\/duchessamargherita.it\/fr\/services\/"},{"@type":"ListItem","position":3,"name":"Caf\u00e9"}]},{"@type":"WebSite","@id":"https:\/\/duchessamargherita.it\/#website","url":"https:\/\/duchessamargherita.it\/","name":"Demeure Historique Duchesse Margherita","description":"R\u00e9sidence d'\u00c9poque \u00e0 Vicoforte Mondov\u00ec","publisher":{"@id":"https:\/\/duchessamargherita.it\/#organization"},"potentialAction":[{"@type":"SearchAction","target":{"@type":"EntryPoint","urlTemplate":"https:\/\/duchessamargherita.it\/?s={search_term_string}"},"query-input":{"@type":"PropertyValueSpecification","valueRequired":true,"valueName":"search_term_string"}}],"inLanguage":"fr-FR"},{"@type":"Organization","@id":"https:\/\/duchessamargherita.it\/#organization","name":"Demeure Historique Duchesse Margherita","url":"https:\/\/duchessamargherita.it\/","logo":{"@type":"ImageObject","inLanguage":"fr-FR","@id":"https:\/\/duchessamargherita.it\/#\/schema\/logo\/image\/","url":"","contentUrl":"","caption":"Demeure Historique Duchesse Margherita"},"image":{"@id":"https:\/\/duchessamargherita.it\/#\/schema\/logo\/image\/"}}]}},"acf":[],"_links":{"self":[{"href":"https:\/\/duchessamargherita.it\/fr\/wp-json\/wp\/v2\/pages\/7437","targetHints":{"allow":["GET"]}}],"collection":[{"href":"https:\/\/duchessamargherita.it\/fr\/wp-json\/wp\/v2\/pages"}],"about":[{"href":"https:\/\/duchessamargherita.it\/fr\/wp-json\/wp\/v2\/types\/page"}],"author":[{"embeddable":true,"href":"https:\/\/duchessamargherita.it\/fr\/wp-json\/wp\/v2\/users\/20632"}],"replies":[{"embeddable":true,"href":"https:\/\/duchessamargherita.it\/fr\/wp-json\/wp\/v2\/comments?post=7437"}],"version-history":[{"count":0,"href":"https:\/\/duchessamargherita.it\/fr\/wp-json\/wp\/v2\/pages\/7437\/revisions"}],"up":[{"embeddable":true,"href":"https:\/\/duchessamargherita.it\/fr\/wp-json\/wp\/v2\/pages\/6965"}],"wp:featuredmedia":[{"embeddable":true,"href":"https:\/\/duchessamargherita.it\/fr\/wp-json\/wp\/v2\/media\/6869"}],"wp:attachment":[{"href":"https:\/\/duchessamargherita.it\/fr\/wp-json\/wp\/v2\/media?parent=7437"}],"curies":[{"name":"wp","href":"https:\/\/api.w.org\/{rel}","templated":true}]}}