{"id":7447,"date":"2025-10-10T09:01:19","date_gmt":"2025-10-10T07:01:19","guid":{"rendered":"https:\/\/duchessamargherita.it\/services\/bien-etre-beaute\/"},"modified":"2025-11-07T17:57:50","modified_gmt":"2025-11-07T16:57:50","slug":"bien-etre-beaute","status":"publish","type":"page","link":"https:\/\/duchessamargherita.it\/fr\/services\/bien-etre-beaute\/","title":{"rendered":"Bien-\u00eatre &amp; Beaut\u00e9"},"content":{"rendered":"<section class=\"text-image text-image--text-is-left text-image--mt-default text-image--mb-default text-image--align-full text-image--no-background  __text-image text-image--image-mobile-bottom \">\n  <div class=\"text-image__inner text-image__inner--align-full text-image__inner--valign-default flex-columns\">\n    <div class=\"text-image__text text-image__text--is-left text-image__text--is-mobile-top flex-column flex-column--width-50\">\n              <div class=\"text-image__typography typography typography--text-is-left\">\n          \n\n<h2 class=\"wp-block-heading\">Espace d\u00e9tente pour massages r\u00e9alis\u00e9s par nos praticiennes sp\u00e9cialis\u00e9es<\/h2>\n\n\n\n<p>Dans nos nouvelles cabines esth\u00e9tiques d\u00e9di\u00e9es, nous proposons des soins r\u00e9alis\u00e9s par notre <strong>praticienne interne<\/strong>.<\/p>\n\n\n\n<p>Le service comprend une zone avec table de massage permettant de r\u00e9aliser des <strong>drainages lymphatiques<\/strong>, <strong>massages anti-stress<\/strong>, <strong>drainants<\/strong>, <strong>sportifs<\/strong>, <strong>d\u00e9contracturants<\/strong>, <strong>hot stone <\/strong>original massage et bien plus encore.<\/p>\n\n\n        <\/div>\n          <\/div>\n    <div class=\"text-image__image-container text-image__image-container--is-right text-image__image-container--is-mobile-bottom flex-column flex-column--width-50\">\n              <div class=\"text-image__image text-image__image--is-right text-image__image--is-square text-image__image--style-is-default\">\n          <picture class=\"ratio__content\" alt=\"\" title=\"\" data-caption=\"\"> \n                    <source loading=\"lazy\" srcset=\"https:\/\/duchessamargherita.it\/files\/2025\/09\/Sauna1-900x690.jpg\" media=\"(min-width: 574px)\" \/>\n\n                  <source loading=\"lazy\" srcset=\"https:\/\/duchessamargherita.it\/files\/2025\/09\/Sauna1-600x600.jpg\" \/>\n\n                    <img decoding=\"async\"  width=\"1024\" height=\"690\" loading=\"lazy\" alt=\"Sauna1\" title=\"Sauna1\" data-caption=\"\" src=\"https:\/\/duchessamargherita.it\/files\/2025\/09\/Sauna1.jpg\" data-src=\"https:\/\/duchessamargherita.it\/files\/2025\/09\/Sauna1.jpg\"\/>\n\n            \n<\/picture>\n        <\/div>\n                  <\/div>\n  <\/div>\n<\/section>\n<figure class=\"wp-block-embed alignwide is-type-video is-provider-youtube wp-block-embed-youtube wp-embed-aspect-16-9 wp-has-aspect-ratio\"><div class=\"wp-block-embed__wrapper\">\n<iframe loading=\"lazy\" title=\"Duchessa Margherita\" width=\"500\" height=\"281\" src=\"https:\/\/www.youtube.com\/embed\/MpVrXc9g-2s?feature=oembed\" frameborder=\"0\" allow=\"accelerometer; autoplay; clipboard-write; encrypted-media; gyroscope; picture-in-picture; web-share\" referrerpolicy=\"strict-origin-when-cross-origin\" allowfullscreen><\/iframe>\n<\/div><\/figure>\n\n<div class=\"wp-block-columns is-style-1-2\">\n<div class=\"wp-block-column\">\n<h2 class=\"wp-block-heading\">Prix<\/h2>\n<\/div>\n\n\n\n<div class=\"wp-block-column\">\n<figure class=\"wp-block-table alignfull\"><table class=\"has-fixed-layout\"><thead><tr><th>Service<\/th><th>En-t\u00eate<\/th><\/tr><\/thead><tbody><tr><td>Drainage lymphatique<\/td><td>85 \u20ac<\/td><\/tr><tr><td>Massage anti-stress<\/td><td>85 \u20ac<\/td><\/tr><tr><td>Massage drainant\/drainage lymphatique<\/td><td>85 \u20ac<\/td><\/tr><tr><td>Massage sportif<\/td><td>85 \u20ac<\/td><\/tr><tr><td>Massage sp\u00e9cifique<\/td><td>85 \u20ac<\/td><\/tr><tr><td>Massage du dos\/cervical<\/td><td>85 \u20ac<\/td><\/tr><tr><td>Massage de la t\u00eate<\/td><td>85 \u20ac<\/td><\/tr><tr><td>Massage classique<\/td><td>85 \u20ac<\/td><\/tr><tr><td>Massage d\u00e9contracturant<\/td><td>85 \u20ac<\/td><\/tr><tr><td>Massage Total Body<\/td><td>95 \u20ac<\/td><\/tr><tr><td>Rituel hot stone original massage<\/td><td>95 \u20ac<\/td><\/tr><tr><td>Massage relaxant<\/td><td>85 \u20ac<\/td><\/tr><tr><td>Sauna Jacuzzi \u00e0 infrarouges<\/td><td>15 \u20ac par personne pour 30 minutes<\/td><\/tr><tr><td>Mini piscine Jacuzzi<\/td><td>10 \u20ac par personne pour 1 heure<\/td><\/tr><\/tbody><\/table><\/figure>\n<\/div>\n<\/div>\n<section class=\"text-image text-image--text-is-right text-image--mt-default text-image--mb-default text-image--align-full text-image--no-background  __text-image text-image--image-mobile-bottom is-style-monogram\">\n  <div class=\"text-image__inner text-image__inner--align-full text-image__inner--valign-default flex-columns\">\n    <div class=\"text-image__text text-image__text--is-right text-image__text--is-mobile-top flex-column flex-column--width-50\">\n              <div class=\"text-image__typography typography typography--text-is-right\">\n          \n\n<h2 class=\"wp-block-heading\">Sauna Jacuzzi \u00e0 infrarouges<\/h2>\n\n\n\n<p>Situ\u00e9 au dernier \u00e9tage mansard\u00e9, le sauna Jacuzzi est caract\u00e9ris\u00e9 par des ondes infrarouges qui r\u00e9chauffent en profondeur la musculature, soulageant les contractures. Il est associ\u00e9 \u00e0 la chromoth\u00e9rapie et \u00e0 la musicoth\u00e9rapie pour un v\u00e9ritable moment de pur relaxation. <\/p>\n\n\n\n<p>Il est id\u00e9al avant une s\u00e9ance de massage, car il pr\u00e9pare le corps au traitement.<\/p>\n\n\n\n<p><strong>Prix : <\/strong>15 \u20ac par personne pour une dur\u00e9e de 30 minutes.<\/p>\n\n\n\n<p>Le sauna peut \u00e9galement \u00eatre utilis\u00e9 en formule journ\u00e9e<\/p>\n\n\n\n<p>Espace d\u00e9tente et tisanerie adjacent.<\/p>\n\n\n        <\/div>\n          <\/div>\n    <div class=\"text-image__image-container text-image__image-container--is-left text-image__image-container--is-mobile-bottom flex-column flex-column--width-50\">\n              <div class=\"text-image__image text-image__image--is-left text-image__image--is-portrait text-image__image--style-is-default\">\n          <picture class=\"ratio__content\" alt=\"\" title=\"\" data-caption=\"\"> \n                    <source loading=\"lazy\" srcset=\"https:\/\/duchessamargherita.it\/files\/2025\/11\/Sauna-infrarossi-900x1200.jpg\" media=\"(min-width: 574px)\" \/>\n\n                  <source loading=\"lazy\" srcset=\"https:\/\/duchessamargherita.it\/files\/2025\/11\/Sauna-infrarossi-600x600.jpg\" \/>\n\n                    <img decoding=\"async\"  width=\"1600\" height=\"1201\" loading=\"lazy\" alt=\"Sauna-infrarossi\" title=\"Sauna-infrarossi\" data-caption=\"\" src=\"https:\/\/duchessamargherita.it\/files\/2025\/11\/Sauna-infrarossi.jpg\" data-src=\"https:\/\/duchessamargherita.it\/files\/2025\/11\/Sauna-infrarossi.jpg\"\/>\n\n            \n<\/picture>\n        <\/div>\n                  <\/div>\n  <\/div>\n<\/section>","protected":false},"excerpt":{"rendered":"<p>Prix Service En-t\u00eate Drainage lymphatique 85 \u20ac Massage anti-stress 85 \u20ac Massage drainant\/drainage lymphatique 85 \u20ac Massage sportif 85 \u20ac Massage sp\u00e9cifique 85 \u20ac Massage du dos\/cervical 85 \u20ac Massage de la t\u00eate 85 \u20ac Massage classique 85 \u20ac Massage d\u00e9contracturant 85 \u20ac Massage Total Body 95 \u20ac Rituel hot stone original massage 95 \u20ac [&hellip;]<\/p>\n","protected":false},"author":20632,"featured_media":7449,"parent":6965,"menu_order":0,"comment_status":"closed","ping_status":"closed","template":"","meta":{"_acf_changed":false,"_monsterinsights_skip_tracking":false,"_monsterinsights_sitenote_active":false,"_monsterinsights_sitenote_note":"","_monsterinsights_sitenote_category":0,"footnotes":""},"class_list":["post-7447","page","type-page","status-publish","has-post-thumbnail","hentry"],"yoast_head":"<!-- This site is optimized with the Yoast SEO plugin v27.2 - https:\/\/yoast.com\/product\/yoast-seo-wordpress\/ -->\n<title>Bien-\u00eatre &amp; Beaut\u00e9 | R\u00e9sidence d&#039;\u00c9poque \u00e0 Vicoforte Mondov\u00ec | Demeure Historique Duchesse Margherita<\/title>\n<meta name=\"description\" content=\"Espace d\u00e9tente pour massages r\u00e9alis\u00e9s par nos praticiennes sp\u00e9cialis\u00e9es Dans nos nouvelles cabines esth\u00e9tiques d\u00e9di\u00e9es, nous proposons des soins r\u00e9alis\u00e9s\" \/>\n<meta name=\"robots\" content=\"index, follow, max-snippet:-1, max-image-preview:large, max-video-preview:-1\" \/>\n<link rel=\"canonical\" href=\"https:\/\/duchessamargherita.it\/fr\/services\/bien-etre-beaute\/\" \/>\n<meta property=\"og:locale\" content=\"fr_FR\" \/>\n<meta property=\"og:type\" content=\"article\" \/>\n<meta property=\"og:title\" content=\"Bien-\u00eatre &amp; Beaut\u00e9 | R\u00e9sidence d&#039;\u00c9poque \u00e0 Vicoforte Mondov\u00ec | Demeure Historique Duchesse Margherita\" \/>\n<meta property=\"og:description\" content=\"Espace d\u00e9tente pour massages r\u00e9alis\u00e9s par nos praticiennes sp\u00e9cialis\u00e9es Dans nos nouvelles cabines esth\u00e9tiques d\u00e9di\u00e9es, nous proposons des soins r\u00e9alis\u00e9s\" \/>\n<meta property=\"og:url\" content=\"https:\/\/duchessamargherita.it\/fr\/services\/bien-etre-beaute\/\" \/>\n<meta property=\"og:site_name\" content=\"Demeure Historique Duchesse Margherita\" \/>\n<meta property=\"article:modified_time\" content=\"2025-11-07T16:57:50+00:00\" \/>\n<meta property=\"og:image\" content=\"https:\/\/duchessamargherita.it\/files\/2025\/10\/Mini-piscina-jacuzzi.jpg\" \/>\n\t<meta property=\"og:image:width\" content=\"2016\" \/>\n\t<meta property=\"og:image:height\" content=\"1512\" \/>\n\t<meta property=\"og:image:type\" content=\"image\/jpeg\" \/>\n<meta name=\"twitter:card\" content=\"summary_large_image\" \/>\n<meta name=\"twitter:label1\" content=\"Est. reading time\" \/>\n\t<meta name=\"twitter:data1\" content=\"1 minute\" \/>\n<!-- \/ Yoast SEO plugin. -->","yoast_head_json":{"title":"Bien-\u00eatre &amp; Beaut\u00e9 | R\u00e9sidence d'\u00c9poque \u00e0 Vicoforte Mondov\u00ec | Demeure Historique Duchesse Margherita","description":"Espace d\u00e9tente pour massages r\u00e9alis\u00e9s par nos praticiennes sp\u00e9cialis\u00e9es Dans nos nouvelles cabines esth\u00e9tiques d\u00e9di\u00e9es, nous proposons des soins r\u00e9alis\u00e9s","robots":{"index":"index","follow":"follow","max-snippet":"max-snippet:-1","max-image-preview":"max-image-preview:large","max-video-preview":"max-video-preview:-1"},"canonical":"https:\/\/duchessamargherita.it\/fr\/services\/bien-etre-beaute\/","og_locale":"fr_FR","og_type":"article","og_title":"Bien-\u00eatre &amp; Beaut\u00e9 | R\u00e9sidence d'\u00c9poque \u00e0 Vicoforte Mondov\u00ec | Demeure Historique Duchesse Margherita","og_description":"Espace d\u00e9tente pour massages r\u00e9alis\u00e9s par nos praticiennes sp\u00e9cialis\u00e9es Dans nos nouvelles cabines esth\u00e9tiques d\u00e9di\u00e9es, nous proposons des soins r\u00e9alis\u00e9s","og_url":"https:\/\/duchessamargherita.it\/fr\/services\/bien-etre-beaute\/","og_site_name":"Demeure Historique Duchesse Margherita","article_modified_time":"2025-11-07T16:57:50+00:00","og_image":[{"width":2016,"height":1512,"url":"https:\/\/duchessamargherita.it\/files\/2025\/10\/Mini-piscina-jacuzzi.jpg","type":"image\/jpeg"}],"twitter_card":"summary_large_image","twitter_misc":{"Est. reading time":"1 minute"},"schema":{"@context":"https:\/\/schema.org","@graph":[{"@type":"WebPage","@id":"https:\/\/duchessamargherita.it\/fr\/services\/bien-etre-beaute\/","url":"https:\/\/duchessamargherita.it\/fr\/services\/bien-etre-beaute\/","name":"Bien-\u00eatre &amp; Beaut\u00e9 | R\u00e9sidence d'\u00c9poque \u00e0 Vicoforte Mondov\u00ec | Demeure Historique Duchesse Margherita","isPartOf":{"@id":"https:\/\/duchessamargherita.it\/#website"},"primaryImageOfPage":{"@id":"https:\/\/duchessamargherita.it\/fr\/services\/bien-etre-beaute\/#primaryimage"},"image":{"@id":"https:\/\/duchessamargherita.it\/fr\/services\/bien-etre-beaute\/#primaryimage"},"thumbnailUrl":"https:\/\/duchessamargherita.it\/files\/2025\/10\/Mini-piscina-jacuzzi.jpg","datePublished":"2025-10-10T07:01:19+00:00","dateModified":"2025-11-07T16:57:50+00:00","description":"Espace d\u00e9tente pour massages r\u00e9alis\u00e9s par nos praticiennes sp\u00e9cialis\u00e9es Dans nos nouvelles cabines esth\u00e9tiques d\u00e9di\u00e9es, nous proposons des soins r\u00e9alis\u00e9s","breadcrumb":{"@id":"https:\/\/duchessamargherita.it\/fr\/services\/bien-etre-beaute\/#breadcrumb"},"inLanguage":"fr-FR","potentialAction":[{"@type":"ReadAction","target":["https:\/\/duchessamargherita.it\/fr\/services\/bien-etre-beaute\/"]}]},{"@type":"ImageObject","inLanguage":"fr-FR","@id":"https:\/\/duchessamargherita.it\/fr\/services\/bien-etre-beaute\/#primaryimage","url":"https:\/\/duchessamargherita.it\/files\/2025\/10\/Mini-piscina-jacuzzi.jpg","contentUrl":"https:\/\/duchessamargherita.it\/files\/2025\/10\/Mini-piscina-jacuzzi.jpg","width":2016,"height":1512},{"@type":"BreadcrumbList","@id":"https:\/\/duchessamargherita.it\/fr\/services\/bien-etre-beaute\/#breadcrumb","itemListElement":[{"@type":"ListItem","position":1,"name":"Accueil","item":"https:\/\/duchessamargherita.it\/fr\/"},{"@type":"ListItem","position":2,"name":"Services","item":"https:\/\/duchessamargherita.it\/fr\/services\/"},{"@type":"ListItem","position":3,"name":"Bien-\u00eatre &amp; Beaut\u00e9"}]},{"@type":"WebSite","@id":"https:\/\/duchessamargherita.it\/#website","url":"https:\/\/duchessamargherita.it\/","name":"Demeure Historique Duchesse Margherita","description":"R\u00e9sidence d'\u00c9poque \u00e0 Vicoforte Mondov\u00ec","publisher":{"@id":"https:\/\/duchessamargherita.it\/#organization"},"potentialAction":[{"@type":"SearchAction","target":{"@type":"EntryPoint","urlTemplate":"https:\/\/duchessamargherita.it\/?s={search_term_string}"},"query-input":{"@type":"PropertyValueSpecification","valueRequired":true,"valueName":"search_term_string"}}],"inLanguage":"fr-FR"},{"@type":"Organization","@id":"https:\/\/duchessamargherita.it\/#organization","name":"Demeure Historique Duchesse Margherita","url":"https:\/\/duchessamargherita.it\/","logo":{"@type":"ImageObject","inLanguage":"fr-FR","@id":"https:\/\/duchessamargherita.it\/#\/schema\/logo\/image\/","url":"","contentUrl":"","caption":"Demeure Historique Duchesse Margherita"},"image":{"@id":"https:\/\/duchessamargherita.it\/#\/schema\/logo\/image\/"}}]}},"acf":[],"_links":{"self":[{"href":"https:\/\/duchessamargherita.it\/fr\/wp-json\/wp\/v2\/pages\/7447","targetHints":{"allow":["GET"]}}],"collection":[{"href":"https:\/\/duchessamargherita.it\/fr\/wp-json\/wp\/v2\/pages"}],"about":[{"href":"https:\/\/duchessamargherita.it\/fr\/wp-json\/wp\/v2\/types\/page"}],"author":[{"embeddable":true,"href":"https:\/\/duchessamargherita.it\/fr\/wp-json\/wp\/v2\/users\/20632"}],"replies":[{"embeddable":true,"href":"https:\/\/duchessamargherita.it\/fr\/wp-json\/wp\/v2\/comments?post=7447"}],"version-history":[{"count":0,"href":"https:\/\/duchessamargherita.it\/fr\/wp-json\/wp\/v2\/pages\/7447\/revisions"}],"up":[{"embeddable":true,"href":"https:\/\/duchessamargherita.it\/fr\/wp-json\/wp\/v2\/pages\/6965"}],"wp:featuredmedia":[{"embeddable":true,"href":"https:\/\/duchessamargherita.it\/fr\/wp-json\/wp\/v2\/media\/7449"}],"wp:attachment":[{"href":"https:\/\/duchessamargherita.it\/fr\/wp-json\/wp\/v2\/media?parent=7447"}],"curies":[{"name":"wp","href":"https:\/\/api.w.org\/{rel}","templated":true}]}}