{"id":7453,"date":"2025-11-06T12:23:53","date_gmt":"2025-11-06T11:23:53","guid":{"rendered":"https:\/\/duchessamargherita.it\/demeure-historique\/hotel-vert\/"},"modified":"2025-11-07T17:58:00","modified_gmt":"2025-11-07T16:58:00","slug":"hotel-vert","status":"publish","type":"page","link":"https:\/\/duchessamargherita.it\/fr\/demeure-historique\/hotel-vert\/","title":{"rendered":"H\u00f4tel Vert"},"content":{"rendered":"<div class=\"title-block title-block--mt-default title-block--align-wide title-block--mb-sm title-block--text-align-default title-block--is-style-none typography__title-block\">\n        <h2 class=\"title-block__title title-block__title--not-main\">\n      Solutions pour un impact environnemental r\u00e9duit\n    <\/h2>\n        <div class=\"title-block__description\">\n      Nous croyons en l&#8217;importance des \u00ab petits choix \u00bb. Une r\u00e9alit\u00e9 comme la n\u00f4tre, entour\u00e9e de merveilles de la nature et situ\u00e9e dans un territoire UNESCO, se doit d&#8217;\u00eatre en premi\u00e8re ligne dans la sauvegarde de cette beaut\u00e9. \n    <\/div>\n  <\/div><section class=\"text-image text-image--text-is-left text-image--mt-default text-image--mb-default text-image--align-full text-image--no-background  __text-image text-image--image-mobile-bottom \">\n  <div class=\"text-image__inner text-image__inner--align-full text-image__inner--valign-center flex-columns\">\n    <div class=\"text-image__text text-image__text--is-left text-image__text--is-mobile-top flex-column flex-column--width-50\">\n              <div class=\"text-image__typography typography typography--text-is-left\">\n          \n\n<p>C&#8217;est pourquoi nous sommes toujours \u00e0 la recherche de <strong>nouvelles attentions<\/strong> pour r\u00e9duire notre impact environnemental, tout en garantissant un <strong>s\u00e9jour confortable<\/strong> et luxueux.<\/p>\n\n\n\n<p>Certaines de nos attentions incluent :<\/p>\n\n\n\n<ul class=\"wp-block-list\">\n<li>\u00e9clairage exclusivement avec des ampoules \u00e0 basse consommation<\/li>\n\n\n\n<li>salles de bains \u00e9quip\u00e9es de jets \u00e9conomiseurs d&#8217;eau pour une moindre consommation d&#8217;eau potable<\/li>\n\n\n\n<li>murs isol\u00e9s pour l&#8217;\u00e9conomie d&#8217;\u00e9nergie et de chauffage<\/li>\n\n\n\n<li>chaudi\u00e8re \u00e0 condensation<\/li>\n\n\n\n<li>vannes thermostatiques dans chaque chambre pour un meilleur contr\u00f4le de la temp\u00e9rature directement par le client et pour l&#8217;\u00e9conomie d&#8217;\u00e9nergie.<\/li>\n<\/ul>\n\n\n\n<p>L&#8217;\u00e9tablissement dispose \u00e9galement d&#8217;une petite <strong>serre bioclimatique<\/strong> dans la loggia qui permet de r\u00e9duire le pont thermique et d&#8217;aider au chauffage de la structure les jours ensoleill\u00e9s, m\u00eame en hiver. La cage d&#8217;escalier et certaines parties communes sont \u00e9galement \u00e9quip\u00e9es de d\u00e9tecteurs de pr\u00e9sence et de <strong>minuteries<\/strong> pour la ma\u00eetrise de l&#8217;\u00e9nergie \u00e9lectrique. <\/p>\n\n\n        <\/div>\n          <\/div>\n    <div class=\"text-image__image-container text-image__image-container--is-right text-image__image-container--is-mobile-bottom flex-column flex-column--width-50\">\n              <div class=\"text-image__image text-image__image--is-right text-image__image--is-square text-image__image--style-is-default\">\n          <picture class=\"ratio__content\" alt=\"\" title=\"\" data-caption=\"\"> \n                    <source loading=\"lazy\" srcset=\"https:\/\/duchessamargherita.it\/files\/2025\/11\/green-hotel-2-900x900.jpg\" media=\"(min-width: 574px)\" \/>\n\n                  <source loading=\"lazy\" srcset=\"https:\/\/duchessamargherita.it\/files\/2025\/11\/green-hotel-2-600x600.jpg\" \/>\n\n                    <img decoding=\"async\"  width=\"1000\" height=\"1000\" loading=\"lazy\" alt=\"green-hotel-2\" title=\"green-hotel-2\" data-caption=\"\" src=\"https:\/\/duchessamargherita.it\/files\/2025\/11\/green-hotel-2.jpg\" data-src=\"https:\/\/duchessamargherita.it\/files\/2025\/11\/green-hotel-2.jpg\"\/>\n\n            \n<\/picture>\n        <\/div>\n                  <\/div>\n  <\/div>\n<\/section><section class=\"text-image text-image--text-is-right text-image--mt-default text-image--mb-default text-image--align-full text-image--no-background  __text-image text-image--image-mobile-bottom is-style-monogram\">\n  <div class=\"text-image__inner text-image__inner--align-full text-image__inner--valign-bottom flex-columns\">\n    <div class=\"text-image__text text-image__text--is-right text-image__text--is-mobile-top flex-column flex-column--width-50\">\n              <div class=\"text-image__typography typography typography--text-is-right\">\n          \n\n<h2 class=\"wp-block-heading\">Des choix qui font la diff\u00e9rence<\/h2>\n\n\n\n<p>Le travail de Duchessa Margherita ne s&#8217;arr\u00eate pas \u00e0 la consommation \u00e9lectrique : <strong>chaque aspect de la vie<\/strong> et du s\u00e9jour des h\u00f4tes est \u00e9tudi\u00e9 pour \u00eatre le plus <strong>durable<\/strong> possible.<\/p>\n\n\n\n<p>En particulier :<\/p>\n\n\n\n<ul class=\"wp-block-list\">\n<li>nous effectuons le tri s\u00e9lectif en s\u00e9parant le papier, le plastique et le verre<\/li>\n\n\n\n<li>dans chaque salle de bain, nous avons affich\u00e9 une communication pour la limitation du lavage quotidien du linge afin de r\u00e9duire le gaspillage<\/li>\n\n\n\n<li>le nettoyage est effectu\u00e9 exclusivement avec des produits \u00e9cologiques, et lorsque c&#8217;est possible, nous r\u00e9duisons au minimum la consommation de plastique en achetant des recharges ou des produits en vrac.<\/li>\n<\/ul>\n\n\n\n<p>S&#8217;il est vrai que nous faisons notre part, il est tout aussi vrai qu&#8217;il s&#8217;agit toujours d&#8217;un <strong>travail d&#8217;\u00e9quipe<\/strong> : nos h\u00f4tes jouent un r\u00f4le essentiel dans l&#8217;efficacit\u00e9 de nos mesures. Les espaces communs sont \u00e9galement \u00e9quip\u00e9s de d\u00e9tecteurs de pr\u00e9sence et de <strong>minuteries<\/strong> pour la ma\u00eetrise de l&#8217;\u00e9nergie \u00e9lectrique.<\/p>\n\n\n        <\/div>\n          <\/div>\n    <div class=\"text-image__image-container text-image__image-container--is-left text-image__image-container--is-mobile-bottom flex-column flex-column--width-50\">\n              <div class=\"text-image__image text-image__image--is-left text-image__image--is-square text-image__image--style-is-default\">\n          <picture class=\"ratio__content\" alt=\"\" title=\"\" data-caption=\"\"> \n                    <source loading=\"lazy\" srcset=\"https:\/\/duchessamargherita.it\/files\/2025\/11\/green-hotel-3-900x900.jpg\" media=\"(min-width: 574px)\" \/>\n\n                  <source loading=\"lazy\" srcset=\"https:\/\/duchessamargherita.it\/files\/2025\/11\/green-hotel-3-600x600.jpg\" \/>\n\n                    <img decoding=\"async\"  width=\"1122\" height=\"1000\" loading=\"lazy\" alt=\"green-hotel-3\" title=\"green-hotel-3\" data-caption=\"\" src=\"https:\/\/duchessamargherita.it\/files\/2025\/11\/green-hotel-3.jpg\" data-src=\"https:\/\/duchessamargherita.it\/files\/2025\/11\/green-hotel-3.jpg\"\/>\n\n            \n<\/picture>\n        <\/div>\n                  <\/div>\n  <\/div>\n<\/section><section class=\"text-image text-image--text-is-left text-image--mt-default text-image--mb-default text-image--align-full text-image--no-background  __text-image text-image--image-mobile-bottom \">\n  <div class=\"text-image__inner text-image__inner--align-full text-image__inner--valign-bottom flex-columns\">\n    <div class=\"text-image__text text-image__text--is-left text-image__text--is-mobile-top flex-column flex-column--width-50\">\n              <div class=\"text-image__typography typography typography--text-is-left\">\n          \n\n<h2 class=\"wp-block-heading\">Durabilit\u00e9 \u00e0 360\u00b0, m\u00eame en cuisine<\/h2>\n\n\n\n<p>Nos petits-d\u00e9jeuners, ainsi que toutes les pr\u00e9parations de notre cuisine, suivent les <strong>m\u00eames id\u00e9aux<\/strong>. Ayant la chance de nous trouver dans une r\u00e9gion r\u00e9put\u00e9e pour ses <strong>mati\u00e8res premi\u00e8res de tr\u00e8s haute qualit\u00e9<\/strong>, il ne nous est pas difficile d&#8217;offrir un service durable et en m\u00eame temps d\u00e9licieux. <\/p>\n\n\n\n<p>En ce qui concerne le petit-d\u00e9jeuner et <strong>tous les aliments servis dans l&#8217;\u00e9tablissement<\/strong> :<\/p>\n\n\n\n<ul class=\"wp-block-list\">\n<li>nous utilisons des fruits biologiques, non trait\u00e9s et de saison, des aliments locaux et des produits typiques, locaux et saisonniers<\/li>\n\n\n\n<li>nous servons nos boissons dans des tasses en verre et en c\u00e9ramique et dans des bouteilles en verre, aussi bien dans la salle de petit-d\u00e9jeuner que dans les chambres<\/li>\n<\/ul>\n\n\n\n<p>L&#8217;\u00e9tablissement dispose \u00e9galement d&#8217;une petite <strong>serre bioclimatique<\/strong> dans la loggia qui permet de r\u00e9duire le pont thermique et d&#8217;aider au chauffage de la structure les jours ensoleill\u00e9s, m\u00eame en hiver. La cage d&#8217;escalier et certaines parties communes sont \u00e9galement \u00e9quip\u00e9es de d\u00e9tecteurs de pr\u00e9sence et de <strong>minuteries<\/strong> pour la ma\u00eetrise de l&#8217;\u00e9nergie \u00e9lectrique. <\/p>\n\n\n        <\/div>\n          <\/div>\n    <div class=\"text-image__image-container text-image__image-container--is-right text-image__image-container--is-mobile-bottom flex-column flex-column--width-50\">\n              <div class=\"text-image__image text-image__image--is-right text-image__image--is-square text-image__image--style-is-default\">\n          <picture class=\"ratio__content\" alt=\"\" title=\"\" data-caption=\"\"> \n                    <source loading=\"lazy\" srcset=\"https:\/\/duchessamargherita.it\/files\/2025\/09\/teiera-1-900x900.jpg\" media=\"(min-width: 574px)\" \/>\n\n                  <source loading=\"lazy\" srcset=\"https:\/\/duchessamargherita.it\/files\/2025\/09\/teiera-1-600x600.jpg\" \/>\n\n                    <img decoding=\"async\"  width=\"1920\" height=\"1280\" loading=\"lazy\" alt=\"teiera-1\" title=\"teiera-1\" data-caption=\"\" src=\"https:\/\/duchessamargherita.it\/files\/2025\/09\/teiera-1.jpg\" data-src=\"https:\/\/duchessamargherita.it\/files\/2025\/09\/teiera-1.jpg\"\/>\n\n            \n<\/picture>\n        <\/div>\n                  <\/div>\n  <\/div>\n<\/section>","protected":false},"excerpt":{"rendered":"","protected":false},"author":12661,"featured_media":7459,"parent":6905,"menu_order":0,"comment_status":"closed","ping_status":"closed","template":"","meta":{"_acf_changed":false,"_monsterinsights_skip_tracking":false,"_monsterinsights_sitenote_active":false,"_monsterinsights_sitenote_note":"","_monsterinsights_sitenote_category":0,"footnotes":""},"class_list":["post-7453","page","type-page","status-publish","has-post-thumbnail","hentry"],"yoast_head":"<!-- This site is optimized with the Yoast SEO plugin v27.2 - https:\/\/yoast.com\/product\/yoast-seo-wordpress\/ -->\n<title>H\u00f4tel Vert | R\u00e9sidence d&#039;\u00c9poque \u00e0 Vicoforte Mondov\u00ec | Demeure Historique Duchesse Margherita<\/title>\n<meta name=\"description\" content=\"C&#039;est pourquoi nous sommes toujours \u00e0 la recherche de nouvelles attentions pour r\u00e9duire notre impact environnemental, tout en garantissant un s\u00e9jour\" \/>\n<meta name=\"robots\" content=\"index, follow, max-snippet:-1, max-image-preview:large, max-video-preview:-1\" \/>\n<link rel=\"canonical\" href=\"https:\/\/duchessamargherita.it\/fr\/demeure-historique\/hotel-vert\/\" \/>\n<meta property=\"og:locale\" content=\"fr_FR\" \/>\n<meta property=\"og:type\" content=\"article\" \/>\n<meta property=\"og:title\" content=\"H\u00f4tel Vert | R\u00e9sidence d&#039;\u00c9poque \u00e0 Vicoforte Mondov\u00ec | Demeure Historique Duchesse Margherita\" \/>\n<meta property=\"og:description\" content=\"C&#039;est pourquoi nous sommes toujours \u00e0 la recherche de nouvelles attentions pour r\u00e9duire notre impact environnemental, tout en garantissant un s\u00e9jour\" \/>\n<meta property=\"og:url\" content=\"https:\/\/duchessamargherita.it\/fr\/demeure-historique\/hotel-vert\/\" \/>\n<meta property=\"og:site_name\" content=\"Demeure Historique Duchesse Margherita\" \/>\n<meta property=\"article:modified_time\" content=\"2025-11-07T16:58:00+00:00\" \/>\n<meta property=\"og:image\" content=\"https:\/\/duchessamargherita.it\/files\/2025\/11\/green-hotel-4a-1.jpg\" \/>\n\t<meta property=\"og:image:width\" content=\"1920\" \/>\n\t<meta property=\"og:image:height\" content=\"1000\" \/>\n\t<meta property=\"og:image:type\" content=\"image\/jpeg\" \/>\n<meta name=\"twitter:card\" content=\"summary_large_image\" \/>\n<meta name=\"twitter:label1\" content=\"Est. reading time\" \/>\n\t<meta name=\"twitter:data1\" content=\"3 minutes\" \/>\n<!-- \/ Yoast SEO plugin. -->","yoast_head_json":{"title":"H\u00f4tel Vert | R\u00e9sidence d'\u00c9poque \u00e0 Vicoforte Mondov\u00ec | Demeure Historique Duchesse Margherita","description":"C'est pourquoi nous sommes toujours \u00e0 la recherche de nouvelles attentions pour r\u00e9duire notre impact environnemental, tout en garantissant un s\u00e9jour","robots":{"index":"index","follow":"follow","max-snippet":"max-snippet:-1","max-image-preview":"max-image-preview:large","max-video-preview":"max-video-preview:-1"},"canonical":"https:\/\/duchessamargherita.it\/fr\/demeure-historique\/hotel-vert\/","og_locale":"fr_FR","og_type":"article","og_title":"H\u00f4tel Vert | R\u00e9sidence d'\u00c9poque \u00e0 Vicoforte Mondov\u00ec | Demeure Historique Duchesse Margherita","og_description":"C'est pourquoi nous sommes toujours \u00e0 la recherche de nouvelles attentions pour r\u00e9duire notre impact environnemental, tout en garantissant un s\u00e9jour","og_url":"https:\/\/duchessamargherita.it\/fr\/demeure-historique\/hotel-vert\/","og_site_name":"Demeure Historique Duchesse Margherita","article_modified_time":"2025-11-07T16:58:00+00:00","og_image":[{"width":1920,"height":1000,"url":"https:\/\/duchessamargherita.it\/files\/2025\/11\/green-hotel-4a-1.jpg","type":"image\/jpeg"}],"twitter_card":"summary_large_image","twitter_misc":{"Est. reading time":"3 minutes"},"schema":{"@context":"https:\/\/schema.org","@graph":[{"@type":"WebPage","@id":"https:\/\/duchessamargherita.it\/fr\/demeure-historique\/hotel-vert\/","url":"https:\/\/duchessamargherita.it\/fr\/demeure-historique\/hotel-vert\/","name":"H\u00f4tel Vert | R\u00e9sidence d'\u00c9poque \u00e0 Vicoforte Mondov\u00ec | Demeure Historique Duchesse Margherita","isPartOf":{"@id":"https:\/\/duchessamargherita.it\/#website"},"primaryImageOfPage":{"@id":"https:\/\/duchessamargherita.it\/fr\/demeure-historique\/hotel-vert\/#primaryimage"},"image":{"@id":"https:\/\/duchessamargherita.it\/fr\/demeure-historique\/hotel-vert\/#primaryimage"},"thumbnailUrl":"https:\/\/duchessamargherita.it\/files\/2025\/11\/green-hotel-4a-1.jpg","datePublished":"2025-11-06T11:23:53+00:00","dateModified":"2025-11-07T16:58:00+00:00","description":"C'est pourquoi nous sommes toujours \u00e0 la recherche de nouvelles attentions pour r\u00e9duire notre impact environnemental, tout en garantissant un s\u00e9jour","breadcrumb":{"@id":"https:\/\/duchessamargherita.it\/fr\/demeure-historique\/hotel-vert\/#breadcrumb"},"inLanguage":"fr-FR","potentialAction":[{"@type":"ReadAction","target":["https:\/\/duchessamargherita.it\/fr\/demeure-historique\/hotel-vert\/"]}]},{"@type":"ImageObject","inLanguage":"fr-FR","@id":"https:\/\/duchessamargherita.it\/fr\/demeure-historique\/hotel-vert\/#primaryimage","url":"https:\/\/duchessamargherita.it\/files\/2025\/11\/green-hotel-4a-1.jpg","contentUrl":"https:\/\/duchessamargherita.it\/files\/2025\/11\/green-hotel-4a-1.jpg","width":1920,"height":1000},{"@type":"BreadcrumbList","@id":"https:\/\/duchessamargherita.it\/fr\/demeure-historique\/hotel-vert\/#breadcrumb","itemListElement":[{"@type":"ListItem","position":1,"name":"Accueil","item":"https:\/\/duchessamargherita.it\/fr\/"},{"@type":"ListItem","position":2,"name":"Demeure Historique","item":"https:\/\/duchessamargherita.it\/fr\/demeure-historique\/"},{"@type":"ListItem","position":3,"name":"H\u00f4tel Vert"}]},{"@type":"WebSite","@id":"https:\/\/duchessamargherita.it\/#website","url":"https:\/\/duchessamargherita.it\/","name":"Demeure Historique Duchesse Margherita","description":"R\u00e9sidence d'\u00c9poque \u00e0 Vicoforte Mondov\u00ec","publisher":{"@id":"https:\/\/duchessamargherita.it\/#organization"},"potentialAction":[{"@type":"SearchAction","target":{"@type":"EntryPoint","urlTemplate":"https:\/\/duchessamargherita.it\/?s={search_term_string}"},"query-input":{"@type":"PropertyValueSpecification","valueRequired":true,"valueName":"search_term_string"}}],"inLanguage":"fr-FR"},{"@type":"Organization","@id":"https:\/\/duchessamargherita.it\/#organization","name":"Demeure Historique Duchesse Margherita","url":"https:\/\/duchessamargherita.it\/","logo":{"@type":"ImageObject","inLanguage":"fr-FR","@id":"https:\/\/duchessamargherita.it\/#\/schema\/logo\/image\/","url":"","contentUrl":"","caption":"Demeure Historique Duchesse Margherita"},"image":{"@id":"https:\/\/duchessamargherita.it\/#\/schema\/logo\/image\/"}}]}},"acf":[],"_links":{"self":[{"href":"https:\/\/duchessamargherita.it\/fr\/wp-json\/wp\/v2\/pages\/7453","targetHints":{"allow":["GET"]}}],"collection":[{"href":"https:\/\/duchessamargherita.it\/fr\/wp-json\/wp\/v2\/pages"}],"about":[{"href":"https:\/\/duchessamargherita.it\/fr\/wp-json\/wp\/v2\/types\/page"}],"author":[{"embeddable":true,"href":"https:\/\/duchessamargherita.it\/fr\/wp-json\/wp\/v2\/users\/12661"}],"replies":[{"embeddable":true,"href":"https:\/\/duchessamargherita.it\/fr\/wp-json\/wp\/v2\/comments?post=7453"}],"version-history":[{"count":0,"href":"https:\/\/duchessamargherita.it\/fr\/wp-json\/wp\/v2\/pages\/7453\/revisions"}],"up":[{"embeddable":true,"href":"https:\/\/duchessamargherita.it\/fr\/wp-json\/wp\/v2\/pages\/6905"}],"wp:featuredmedia":[{"embeddable":true,"href":"https:\/\/duchessamargherita.it\/fr\/wp-json\/wp\/v2\/media\/7459"}],"wp:attachment":[{"href":"https:\/\/duchessamargherita.it\/fr\/wp-json\/wp\/v2\/media?parent=7453"}],"curies":[{"name":"wp","href":"https:\/\/api.w.org\/{rel}","templated":true}]}}